{"id":56,"date":"2021-05-01T21:59:54","date_gmt":"2021-05-01T21:59:54","guid":{"rendered":"https:\/\/www.okofilm.cz\/?page_id=56"},"modified":"2021-05-25T16:44:30","modified_gmt":"2021-05-25T16:44:30","slug":"slideshow","status":"publish","type":"page","link":"https:\/\/www.okofilm.cz\/","title":{"rendered":"slideshow"},"content":{"rendered":"\n<p><\/p>\n\n\n\n<div class=\"alignnormal\"><div id=\"metaslider-id-31\" style=\"max-width: 700px; margin: 0 auto;\" class=\"ml-slider-3-20-3 metaslider metaslider-flex metaslider-31 ml-slider nav-hidden\">\n    <div id=\"metaslider_container_31\">\n        <div id=\"metaslider_31\">\n            <ul aria-live=\"polite\" class=\"slides\">\n                <li style=\"display: block; width: 100%;\" class=\"slide-138 ms-image\"><img loading=\"lazy\" decoding=\"async\" src=\"https:\/\/www.okofilm.cz\/wp-content\/uploads\/2021\/05\/01_.jpg\" height=\"337\" width=\"700\" alt=\"\" class=\"slider-31 slide-138\" title=\"01_\" \/><\/li>\n                <li style=\"display: none; width: 100%;\" class=\"slide-139 ms-image\"><img loading=\"lazy\" decoding=\"async\" src=\"https:\/\/www.okofilm.cz\/wp-content\/uploads\/2021\/05\/02_.jpg\" height=\"337\" width=\"700\" alt=\"\" class=\"slider-31 slide-139\" title=\"02_\" \/><\/li>\n                <li style=\"display: none; width: 100%;\" class=\"slide-140 ms-image\"><img loading=\"lazy\" decoding=\"async\" src=\"https:\/\/www.okofilm.cz\/wp-content\/uploads\/2021\/05\/03_.jpg\" height=\"337\" width=\"700\" alt=\"\" class=\"slider-31 slide-140\" title=\"03_\" \/><\/li>\n                <li style=\"display: none; width: 100%;\" class=\"slide-141 ms-image\"><img loading=\"lazy\" decoding=\"async\" src=\"https:\/\/www.okofilm.cz\/wp-content\/uploads\/2021\/05\/04_.jpg\" height=\"337\" width=\"700\" alt=\"\" class=\"slider-31 slide-141\" title=\"04_\" \/><\/li>\n                <li style=\"display: none; width: 100%;\" class=\"slide-142 ms-image\"><img loading=\"lazy\" decoding=\"async\" src=\"https:\/\/www.okofilm.cz\/wp-content\/uploads\/2021\/05\/05_.jpg\" height=\"337\" width=\"700\" alt=\"\" class=\"slider-31 slide-142\" title=\"05_\" \/><\/li>\n            <\/ul>\n        <\/div>\n        \n    <\/div>\n<\/div><\/div>\n\n\n\n<p><\/p>\n\n\n\n<p class=\"has-text-align-center has-vivid-cyan-blue-color has-text-color has-huge-font-size\"><br><br><span class=\"has-inline-color has-vivid-cyan-blue-color\"><strong>na\u0161e filozofie<\/strong><\/span>&#8230;<br><\/p>\n\n\n\n<div class=\"wp-block-columns is-layout-flex wp-container-core-columns-is-layout-1 wp-block-columns-is-layout-flex\">\n<div class=\"wp-block-column is-layout-flow wp-block-column-is-layout-flow\" style=\"flex-basis:25%\"><\/div>\n\n\n\n<div class=\"wp-block-column is-layout-flow wp-block-column-is-layout-flow\" style=\"flex-basis:50%\">\n<p class=\"has-text-align-center has-vivid-cyan-blue-color has-text-color\" style=\"font-size:21px\">Pomoc\u00ed na\u0161ich dokument\u00e1rn\u00edch projekt\u016f<br>chceme doc\u00edlit toho, \u017ee se <strong>&#8222;odpoj\u00edte&#8220; od m\u00e9di\u00ed<\/strong> <br>(v\u010detn\u011b toho na\u0161eho) a <strong>najdete si vlastn\u00ed cestu, sv\u016fj pohled<\/strong> na sv\u011bt okolo n\u00e1s, <strong>svou pravdu<\/strong> o \u017eivot\u011b&#8230;<\/p>\n<\/div>\n\n\n\n<div class=\"wp-block-column is-layout-flow wp-block-column-is-layout-flow\" style=\"flex-basis:25%\">\n<p><\/p>\n<\/div>\n<\/div>\n\n\n\n<p class=\"has-text-align-center has-vivid-cyan-blue-color has-text-color has-huge-font-size\"><br><br><br><strong>projekty<\/strong><\/p>\n\n\n\n<p><\/p>\n\n\n\n<div class=\"wp-block-image\"><figure class=\"aligncenter size-large\"><img loading=\"lazy\" decoding=\"async\" width=\"264\" height=\"375\" src=\"https:\/\/www.okofilm.cz\/wp-content\/uploads\/2021\/05\/plakat_01.jpg\" alt=\"\" class=\"wp-image-115\" srcset=\"https:\/\/www.okofilm.cz\/wp-content\/uploads\/2021\/05\/plakat_01.jpg 264w, https:\/\/www.okofilm.cz\/wp-content\/uploads\/2021\/05\/plakat_01-211x300.jpg 211w\" sizes=\"(max-width: 264px) 100vw, 264px\" \/><\/figure><\/div>\n\n\n\n<p class=\"has-text-align-center has-text-color has-medium-font-size\" style=\"color:#969696\"><strong>Fenom\u00e9n 2012<\/strong><br>Dokument mapuj\u00edc\u00ed zm\u011bny v \u010desk\u00e9 spole\u010dnosti, kter\u00e9 n\u00e1sledn\u011b nastaly <br>po tzv. &#8222;Maysk\u00e9m konci sv\u011bta&#8220; v roce 2012<\/p>\n\n\n\n<p class=\"has-text-align-center has-text-color has-medium-font-size\" style=\"color:#969696\"><br><\/p>\n\n\n\n<p><\/p>\n\n\n\n<div class=\"wp-block-image\"><figure class=\"aligncenter size-large\"><img loading=\"lazy\" decoding=\"async\" width=\"264\" height=\"375\" src=\"https:\/\/www.okofilm.cz\/wp-content\/uploads\/2021\/05\/plakat_02.jpg\" alt=\"\" class=\"wp-image-119\" srcset=\"https:\/\/www.okofilm.cz\/wp-content\/uploads\/2021\/05\/plakat_02.jpg 264w, https:\/\/www.okofilm.cz\/wp-content\/uploads\/2021\/05\/plakat_02-211x300.jpg 211w\" sizes=\"(max-width: 264px) 100vw, 264px\" \/><\/figure><\/div>\n\n\n\n<p class=\"has-text-align-center has-text-color has-medium-font-size\" style=\"color:#969696\"><strong>Otec ne\u017e\u00e1douc\u00ed<\/strong><br>Drsn\u00fd dokument o otc\u00edch kte\u0159\u00ed bojuj\u00ed o sv\u00e9 d\u011bti po rozvodu.<br>&#8230;s b\u00fdval\u00fdmi man\u017eelkami, se soudy, soudn\u00edmi znalci a hlavn\u011b s p\u0159edsudky<\/p>\n\n\n\n<p class=\"has-text-align-center has-text-color has-medium-font-size\" style=\"color:#969696\"><br><\/p>\n\n\n\n<p><\/p>\n\n\n\n<div class=\"wp-block-image\"><figure class=\"aligncenter size-large\"><img loading=\"lazy\" decoding=\"async\" width=\"264\" height=\"374\" src=\"https:\/\/www.okofilm.cz\/wp-content\/uploads\/2021\/05\/plakat_03.jpg\" alt=\"\" class=\"wp-image-121\" srcset=\"https:\/\/www.okofilm.cz\/wp-content\/uploads\/2021\/05\/plakat_03.jpg 264w, https:\/\/www.okofilm.cz\/wp-content\/uploads\/2021\/05\/plakat_03-212x300.jpg 212w\" sizes=\"(max-width: 264px) 100vw, 264px\" \/><\/figure><\/div>\n\n\n\n<p class=\"has-text-align-center has-text-color has-medium-font-size\" style=\"color:#969696\"><strong>Osm\u00fd den sch\u00e1z\u00ed n\u00e1m<\/strong><br>Obrazov\u00e9 podobenstv\u00ed o v\u011bcech, kter\u00e9 n\u00e1m ji\u017e (ne)jsou bl\u00edzk\u00e9.<\/p>\n\n\n\n<p class=\"has-text-align-center has-text-color has-medium-font-size\" style=\"color:#969696\"><br><\/p>\n\n\n\n<p><\/p>\n\n\n\n<div class=\"wp-block-image\"><figure class=\"aligncenter size-large\"><img loading=\"lazy\" decoding=\"async\" width=\"264\" height=\"375\" src=\"https:\/\/www.okofilm.cz\/wp-content\/uploads\/2021\/05\/plakat_04.jpg\" alt=\"\" class=\"wp-image-122\" srcset=\"https:\/\/www.okofilm.cz\/wp-content\/uploads\/2021\/05\/plakat_04.jpg 264w, https:\/\/www.okofilm.cz\/wp-content\/uploads\/2021\/05\/plakat_04-211x300.jpg 211w\" sizes=\"(max-width: 264px) 100vw, 264px\" \/><\/figure><\/div>\n\n\n\n<p class=\"has-text-align-center has-text-color has-medium-font-size\" style=\"color:#969696\"><strong>Hv\u011bzda nad prameny<\/strong><br>\u010casosb\u011brn\u00fd dokument\u00e1rn\u00ed film o historii a sou\u010dasnosti<br>\u017didovsk\u00e9 obce v Karlov\u00fdch Varech nap\u0159\u00ed\u010d stalet\u00edmi.<\/p>\n\n\n\n<p><\/p>\n\n\n\n<div style=\"height:100px\" aria-hidden=\"true\" class=\"wp-block-spacer\"><\/div>\n\n\n\n<p><\/p>\n\n\n\n<p><\/p>\n\n\n\n<p class=\"has-text-align-center has-vivid-cyan-blue-color has-text-color has-huge-font-size\"><br><br><span class=\"has-inline-color has-vivid-cyan-blue-color\"><strong>realiza\u010dn\u00ed t\u00fdm<\/strong><\/span><br><\/p>\n\n\n\n<div class=\"wp-block-columns is-layout-flex wp-container-core-columns-is-layout-2 wp-block-columns-is-layout-flex\">\n<div class=\"wp-block-column is-layout-flow wp-block-column-is-layout-flow\" style=\"flex-basis:25%\"><\/div>\n\n\n\n<div class=\"wp-block-column is-layout-flow wp-block-column-is-layout-flow\" style=\"flex-basis:50%\">\n<p class=\"has-text-align-center has-vivid-cyan-blue-color has-text-color\" style=\"font-size:21px\">Jsme neust\u00e1le se dopl\u0148uj\u00edc\u00ed skupina lid\u00ed<br>kter\u00fdm nen\u00ed lhostejn\u00fd sou\u010dasn\u00fd stav na\u0161\u00ed spole\u010dnosti. <br>No a proto\u017ee um\u00edme d\u011blat pohybliv\u00e9 obr\u00e1zky,<br>tak to\u010d\u00edme dokument\u00e1rn\u00ed filmy<\/p>\n\n\n\n<p><\/p>\n\n\n\n<div style=\"height:60px\" aria-hidden=\"true\" class=\"wp-block-spacer\"><\/div>\n<\/div>\n\n\n\n<div class=\"wp-block-column is-layout-flow wp-block-column-is-layout-flow\" style=\"flex-basis:25%\">\n<p><\/p>\n<\/div>\n<\/div>\n\n\n\n<div class=\"wp-block-columns is-layout-flex wp-container-core-columns-is-layout-6 wp-block-columns-is-layout-flex\">\n<div class=\"wp-block-column is-layout-flow wp-block-column-is-layout-flow\" style=\"flex-basis:100%\">\n<div class=\"wp-block-columns is-layout-flex wp-container-core-columns-is-layout-5 wp-block-columns-is-layout-flex\">\n<div class=\"wp-block-column is-layout-flow wp-block-column-is-layout-flow\">\n<div class=\"wp-block-columns is-layout-flex wp-container-core-columns-is-layout-3 wp-block-columns-is-layout-flex\">\n<div class=\"wp-block-column is-layout-flow wp-block-column-is-layout-flow\">\n<div class=\"wp-block-image is-style-rounded\"><figure class=\"aligncenter size-large is-resized\"><img loading=\"lazy\" decoding=\"async\" src=\"https:\/\/www.okofilm.cz\/wp-content\/uploads\/2021\/05\/012.jpg\" alt=\"\" class=\"wp-image-79\" width=\"150\" height=\"150\"\/><\/figure><\/div>\n\n\n\n<p class=\"has-text-align-center has-vivid-cyan-blue-color has-text-color has-medium-font-size\"><span class=\"has-inline-color has-vivid-cyan-blue-color\">HONZA<\/span><\/p>\n<\/div>\n\n\n\n<div class=\"wp-block-column is-layout-flow wp-block-column-is-layout-flow\">\n<div class=\"wp-block-image is-style-rounded\"><figure class=\"aligncenter size-large\"><img loading=\"lazy\" decoding=\"async\" width=\"150\" height=\"150\" src=\"https:\/\/www.okofilm.cz\/wp-content\/uploads\/2021\/05\/022.jpg\" alt=\"\" class=\"wp-image-80\"\/><\/figure><\/div>\n\n\n\n<p class=\"has-text-align-center has-vivid-cyan-blue-color has-text-color has-medium-font-size\"><span class=\"has-inline-color has-vivid-cyan-blue-color\">RADKA<\/span><\/p>\n<\/div>\n<\/div>\n<\/div>\n\n\n\n<div class=\"wp-block-column is-layout-flow wp-block-column-is-layout-flow\">\n<div class=\"wp-block-columns is-layout-flex wp-container-core-columns-is-layout-4 wp-block-columns-is-layout-flex\">\n<div class=\"wp-block-column is-layout-flow wp-block-column-is-layout-flow\">\n<div class=\"wp-block-image is-style-rounded\"><figure class=\"aligncenter size-large\"><img loading=\"lazy\" decoding=\"async\" width=\"150\" height=\"150\" src=\"https:\/\/www.okofilm.cz\/wp-content\/uploads\/2021\/05\/032.jpg\" alt=\"\" class=\"wp-image-81\"\/><\/figure><\/div>\n\n\n\n<p class=\"has-text-align-center has-vivid-cyan-blue-color has-text-color has-medium-font-size\"><span class=\"has-inline-color has-vivid-cyan-blue-color\">DAN<\/span><\/p>\n<\/div>\n\n\n\n<div class=\"wp-block-column is-layout-flow wp-block-column-is-layout-flow\">\n<div class=\"wp-block-image is-style-rounded\"><figure class=\"aligncenter size-large\"><img loading=\"lazy\" decoding=\"async\" width=\"150\" height=\"150\" src=\"https:\/\/www.okofilm.cz\/wp-content\/uploads\/2021\/05\/tom.jpg\" alt=\"\" class=\"wp-image-126\"\/><\/figure><\/div>\n\n\n\n<p class=\"has-text-align-center has-vivid-cyan-blue-color has-text-color has-medium-font-size\">TOM\u00c1\u0160<\/p>\n<\/div>\n<\/div>\n<\/div>\n<\/div>\n<\/div>\n<\/div>\n\n\n\n<div style=\"height:120px\" aria-hidden=\"true\" class=\"wp-block-spacer\"><\/div>\n\n\n\n<p class=\"has-text-align-center has-vivid-cyan-blue-color has-text-color has-huge-font-size\"><strong>co um\u00edme<\/strong><\/p>\n\n\n\n<p class=\"has-text-align-center has-text-color has-medium-font-size\" style=\"color:#969696\">Dokument\u00e1rn\u00ed film<br>Reklamn\u00ed spoty<br>Grafiku a ilustrace pro film a TV<br>Storyboardy<br>Animace pro film, TV a reklamu<br>Postprodukci<br>Produkci<\/p>\n\n\n\n<p><\/p>\n\n\n\n<p><\/p>\n\n\n\n<p><\/p>\n\n\n\n<p><\/p>\n\n\n\n<div style=\"height:250px\" aria-hidden=\"true\" class=\"wp-block-spacer\"><\/div>\n\n\n\n<p class=\"has-text-align-center has-vivid-cyan-blue-color has-text-color has-huge-font-size\"><strong>kontakt<\/strong><\/p>\n\n\n\n<p class=\"has-text-align-center has-cyan-bluish-gray-color has-text-color has-medium-font-size\">OKOfilm <br>kontaktn\u00ed osoba: PHDr. Tom\u00e1\u0161 Sax <br>e-mail: produkce@okofilm.cz<br><\/p>\n\n\n\n<div style=\"height:61px\" aria-hidden=\"true\" class=\"wp-block-spacer\"><\/div>\n\n\n\n<p class=\"has-text-align-center has-cyan-bluish-gray-color has-text-color has-medium-font-size\">Faktura\u010dn\u00ed a administrativn\u00ed kontakt:<\/p>\n\n\n\n<p class=\"has-text-align-center has-cyan-bluish-gray-color has-text-color has-medium-font-size\">3S Education s.r.o.<br>s\u00eddli\u0161t\u011b Jan\u0161tejn 148<br>588 52 Horn\u00ed Dubenky<\/p>\n\n\n\n<p class=\"has-text-align-center has-cyan-bluish-gray-color has-text-color\">I\u010c: 01989278<br>DI\u010c: CZ01989278<\/p>\n\n\n\n<div style=\"height:100px\" aria-hidden=\"true\" class=\"wp-block-spacer\"><\/div>\n","protected":false},"excerpt":{"rendered":"<p>na\u0161e filozofie&#8230; Pomoc\u00ed na\u0161ich dokument\u00e1rn\u00edch projekt\u016fchceme doc\u00edlit toho, \u017ee se &#8222;odpoj\u00edte&#8220; od m\u00e9di\u00ed (v\u010detn\u011b toho na\u0161eho) a najdete si vlastn\u00ed cestu, sv\u016fj pohled na sv\u011bt okolo n\u00e1s, svou pravdu o \u017eivot\u011b&#8230; projekty Fenom\u00e9n 2012Dokument mapuj\u00edc\u00ed zm\u011bny v \u010desk\u00e9 spole\u010dnosti, kter\u00e9 n\u00e1sledn\u011b nastaly po tzv. &#8222;Maysk\u00e9m konci sv\u011bta&#8220; v roce 2012 Otec ne\u017e\u00e1douc\u00edDrsn\u00fd dokument o otc\u00edch &hellip;<\/p>\n<p class=\"read-more\"> <a class=\"\" href=\"https:\/\/www.okofilm.cz\/\"> <span class=\"screen-reader-text\">slideshow<\/span> Read More \u00bb<\/a><\/p>\n","protected":false},"author":1,"featured_media":0,"parent":0,"menu_order":0,"comment_status":"closed","ping_status":"closed","template":"","meta":{"footnotes":""},"_links":{"self":[{"href":"https:\/\/www.okofilm.cz\/index.php\/wp-json\/wp\/v2\/pages\/56"}],"collection":[{"href":"https:\/\/www.okofilm.cz\/index.php\/wp-json\/wp\/v2\/pages"}],"about":[{"href":"https:\/\/www.okofilm.cz\/index.php\/wp-json\/wp\/v2\/types\/page"}],"author":[{"embeddable":true,"href":"https:\/\/www.okofilm.cz\/index.php\/wp-json\/wp\/v2\/users\/1"}],"replies":[{"embeddable":true,"href":"https:\/\/www.okofilm.cz\/index.php\/wp-json\/wp\/v2\/comments?post=56"}],"version-history":[{"count":39,"href":"https:\/\/www.okofilm.cz\/index.php\/wp-json\/wp\/v2\/pages\/56\/revisions"}],"predecessor-version":[{"id":172,"href":"https:\/\/www.okofilm.cz\/index.php\/wp-json\/wp\/v2\/pages\/56\/revisions\/172"}],"wp:attachment":[{"href":"https:\/\/www.okofilm.cz\/index.php\/wp-json\/wp\/v2\/media?parent=56"}],"curies":[{"name":"wp","href":"https:\/\/api.w.org\/{rel}","templated":true}]}}